{"id":14,"date":"2017-10-28T13:43:12","date_gmt":"2017-10-28T11:43:12","guid":{"rendered":"https:\/\/szkoleniahso.pl\/?page_id=14"},"modified":"2019-02-20T14:45:56","modified_gmt":"2019-02-20T13:45:56","slug":"kontakt","status":"publish","type":"page","link":"https:\/\/szkoleniahso.pl\/en\/kontakt\/","title":{"rendered":"Kontakt"},"content":{"rendered":"<p><div class=\"fusion-fullwidth fullwidth-box fusion-builder-row-3 fusion-parallax-none nonhundred-percent-fullwidth non-hundred-percent-height-scrolling\" style=\"--awb-border-radius-top-left:0px;--awb-border-radius-top-right:0px;--awb-border-radius-bottom-right:0px;--awb-border-radius-bottom-left:0px;--awb-padding-top:120px;--awb-padding-bottom:80px;--awb-background-image:url(&quot;https:\/\/szkoleniahso.pl\/wp-content\/uploads\/2019\/02\/slider-nowy-do-zakladek.png&quot;);--awb-background-size:cover;\" id=\"sliderr\" ><div class=\"fusion-builder-row fusion-row\"><div class=\"fusion-layout-column fusion_builder_column fusion-builder-column-3 fusion_builder_column_1_1 1_1 fusion-one-full fusion-column-first fusion-column-last\" style=\"--awb-bg-size:cover;\"><div class=\"fusion-column-wrapper fusion-flex-column-wrapper-legacy\"><div class=\"fusion-title title fusion-title-2 fusion-sep-none fusion-title-center fusion-title-text fusion-title-size-two\"><h2 class=\"title-heading-center\" style=\"margin:0;\"><span style=\"color: #ffffff; font-size: 60px;\">CONTACT<\/span><\/h2><\/div><div class=\"fusion-clearfix\"><\/div><\/div><\/div><\/div><\/div><div class=\"fusion-fullwidth fullwidth-box fusion-builder-row-4 hundred-percent-fullwidth non-hundred-percent-height-scrolling fusion-equal-height-columns\" style=\"--awb-background-position:left top;--awb-border-radius-top-left:0px;--awb-border-radius-top-right:0px;--awb-border-radius-bottom-right:0px;--awb-border-radius-bottom-left:0px;--awb-padding-right:0px;--awb-padding-left:0px;--awb-background-color:#ffffff;--awb-border-sizes-top:0px;--awb-border-sizes-bottom:0px;\" ><div class=\"fusion-builder-row fusion-row\"><div class=\"fusion-layout-column fusion_builder_column fusion-builder-column-4 fusion_builder_column_2_3 2_3 fusion-two-third fusion-column-first fusion-column-no-min-height\" style=\"--awb-padding-top:85px;--awb-padding-right:12%;--awb-padding-bottom:85px;--awb-padding-left:12%;--awb-bg-size:cover;--awb-margin-bottom:0px;width:66.666666666667%;width:calc(66.666666666667% - ( ( 4% ) * 0.66666666666667 ) );margin-right: 4%;\"><div class=\"fusion-column-wrapper fusion-flex-column-wrapper-legacy\"><div class=\"fusion-column-content-centered\"><div class=\"fusion-column-content\"><div class=\"fusion-text fusion-text-4\"><h4 style=\"text-align: center;\">Got any questions? Write to us!<\/h4>\n<\/div><div class=\"fusion-image-element fusion-image-align-center in-legacy-container\" style=\"text-align:center;--awb-caption-title-size:var(--h2_typography-font-size);--awb-caption-title-transform:var(--h2_typography-text-transform);--awb-caption-title-line-height:var(--h2_typography-line-height);--awb-caption-title-letter-spacing:var(--h2_typography-letter-spacing);\"><div class=\"imageframe-align-center\"><span class=\" fusion-imageframe imageframe-none imageframe-4 hover-type-none\"><img decoding=\"async\" width=\"30\" height=\"12\" title=\"divider-xx-red\" src=\"https:\/\/szkoleniahso.pl\/wp-content\/uploads\/2017\/10\/divider-xx-red.png\" alt class=\"img-responsive wp-image-26\"\/><\/span><\/div><\/div><div class=\"fusion-sep-clear\"><\/div><div class=\"fusion-separator fusion-full-width-sep\" style=\"margin-left: auto;margin-right: auto;margin-top:40px;width:100%;\"><\/div><div class=\"fusion-sep-clear\"><\/div>\n<div class=\"wpcf7 no-js\" id=\"wpcf7-f711-o2\" lang=\"pl-PL\" dir=\"ltr\" data-wpcf7-id=\"711\">\n<div class=\"screen-reader-response\"><p role=\"status\" aria-live=\"polite\" aria-atomic=\"true\"><\/p> <ul><\/ul><\/div>\n<form action=\"\/en\/wp-json\/wp\/v2\/pages\/14#wpcf7-f711-o2\" method=\"post\" class=\"wpcf7-form init\" aria-label=\"Formularz kontaktowy\" novalidate=\"novalidate\" data-status=\"init\">\n<div style=\"display: none;\">\n<input type=\"hidden\" name=\"_wpcf7\" value=\"711\" \/>\n<input type=\"hidden\" name=\"_wpcf7_version\" value=\"6.0.3\" \/>\n<input type=\"hidden\" name=\"_wpcf7_locale\" value=\"pl_PL\" \/>\n<input type=\"hidden\" name=\"_wpcf7_unit_tag\" value=\"wpcf7-f711-o2\" \/>\n<input type=\"hidden\" name=\"_wpcf7_container_post\" value=\"0\" \/>\n<input type=\"hidden\" name=\"_wpcf7_posted_data_hash\" value=\"\" \/>\n<input type=\"hidden\" name=\"_wpcf7_recaptcha_response\" value=\"\" \/>\n<\/div>\n<table id=\"kontakt\">\n\t<tr>\n\t\t<td>\n\t\t\t<p><label> <span class=\"wpcf7-form-control-wrap\" data-name=\"your-name\"><input size=\"40\" maxlength=\"400\" class=\"wpcf7-form-control wpcf7-text wpcf7-validates-as-required\" aria-required=\"true\" aria-invalid=\"false\" placeholder=\"Your name\" value=\"\" type=\"text\" name=\"your-name\" \/><\/span> <\/label>\n\t\t\t<\/p>\n\t\t<\/td>\n\t\t<td>\n\t\t\t<p><label> <span class=\"wpcf7-form-control-wrap\" data-name=\"your-email\"><input size=\"40\" maxlength=\"400\" class=\"wpcf7-form-control wpcf7-email wpcf7-validates-as-required wpcf7-text wpcf7-validates-as-email\" aria-required=\"true\" aria-invalid=\"false\" placeholder=\"Your email\" value=\"\" type=\"email\" name=\"your-email\" \/><\/span><\/label>\n\t\t\t<\/p>\n\t\t<\/td>\n\t<\/tr>\n\t<tr>\n\t\t<td>\n\t\t\t<p><label> <span class=\"wpcf7-form-control-wrap\" data-name=\"your-subject\"><input size=\"40\" maxlength=\"400\" class=\"wpcf7-form-control wpcf7-text\" aria-invalid=\"false\" placeholder=\"Subject\" value=\"\" type=\"text\" name=\"your-subject\" \/><\/span> <\/label>\n\t\t\t<\/p>\n\t\t<\/td>\n\t\t<td>\n\t\t\t<p><label> <span class=\"wpcf7-form-control-wrap\" data-name=\"your-tel\"><input size=\"40\" maxlength=\"400\" class=\"wpcf7-form-control wpcf7-tel wpcf7-text wpcf7-validates-as-tel\" aria-invalid=\"false\" placeholder=\"Your phone number\" value=\"\" type=\"tel\" name=\"your-tel\" \/><\/span><\/label>\n\t\t\t<\/p>\n\t\t<\/td>\n\t<\/tr>\n\t<tr>\n\t\t<td colspan=\"2\">\n\t\t\t<p><label> <span class=\"wpcf7-form-control-wrap\" data-name=\"your-message\"><textarea cols=\"40\" rows=\"10\" maxlength=\"2000\" class=\"wpcf7-form-control wpcf7-textarea\" aria-invalid=\"false\" placeholder=\"Your message\" name=\"your-message\"><\/textarea><\/span> <\/label>\n\t\t\t<\/p>\n\t\t<\/td>\n\t<\/tr>\n\t<tr>\n\t\t<td colspan=\"2\">\n\t\t\t<p><input class=\"wpcf7-form-control wpcf7-submit has-spinner\" type=\"submit\" value=\"Wy\u015blij\" \/>\n\t\t\t<\/p>\n\t\t<\/td>\n\t<\/tr>\n<\/table><div class=\"fusion-alert alert custom alert-custom fusion-alert-center wpcf7-response-output fusion-alert-capitalize alert-dismissable\" role=\"alert\"><div class=\"fusion-alert-content-wrapper\"><span class=\"fusion-alert-content\"><\/span><\/div><button type=\"button\" class=\"close toggle-alert\" data-dismiss=\"alert\" aria-label=\"Close\">&times;<\/button><\/div>\n<\/form>\n<\/div>\n<\/div><\/div><div class=\"fusion-clearfix\"><\/div><\/div><\/div><div class=\"fusion-layout-column fusion_builder_column fusion-builder-column-5 fusion_builder_column_1_3 1_3 fusion-one-third fusion-column-last fusion-column-no-min-height\" style=\"--awb-padding-top:85px;--awb-padding-right:20%;--awb-padding-bottom:85px;--awb-padding-left:20%;--awb-bg-color:#25292b;--awb-bg-size:cover;--awb-margin-bottom:0px;width:33.333333333333%;width:calc(33.333333333333% - ( ( 4% ) * 0.33333333333333 ) );\"><div class=\"fusion-column-wrapper fusion-flex-column-wrapper-legacy\"><div class=\"fusion-column-content-centered\"><div class=\"fusion-column-content\"><div class=\"fusion-text fusion-text-5\"><h4 style=\"text-align: center; color: #ffffff;\">Contact<\/h4>\n<\/div><div class=\"fusion-image-element fusion-image-align-center in-legacy-container\" style=\"text-align:center;--awb-caption-title-size:var(--h2_typography-font-size);--awb-caption-title-transform:var(--h2_typography-text-transform);--awb-caption-title-line-height:var(--h2_typography-line-height);--awb-caption-title-letter-spacing:var(--h2_typography-letter-spacing);\"><div class=\"imageframe-align-center\"><span class=\" fusion-imageframe imageframe-none imageframe-5 hover-type-none\"><img decoding=\"async\" width=\"30\" height=\"12\" title=\"divider-xx-red\" src=\"https:\/\/szkoleniahso.pl\/wp-content\/uploads\/2017\/10\/divider-xx-red.png\" alt class=\"img-responsive wp-image-26\"\/><\/span><\/div><\/div><ul style=\"--awb-line-height:23.8px;--awb-icon-width:23.8px;--awb-icon-height:23.8px;--awb-icon-margin:9.8px;--awb-content-margin:33.6px;\" class=\"fusion-checklist fusion-checklist-3 fusion-checklist-default type-icons\"><li class=\"fusion-li-item\" style=\"\"><span class=\"icon-wrapper circle-no\"><i class=\"fusion-li-icon fa fa-home\" aria-hidden=\"true\"><\/i><\/span><div class=\"fusion-li-item-content\"><span style=\"color: #ffffff;\">HSOfficers<br \/>\nUl. Okr\u0119glik 8\/9<br \/>\n91-227 \u0141\u00f3d\u017a<\/span><\/div><\/li><li class=\"fusion-li-item\" style=\"\"><span class=\"icon-wrapper circle-no\"><i class=\"fusion-li-icon fa fa-envelope-o\" aria-hidden=\"true\"><\/i><\/span><div class=\"fusion-li-item-content\">\n<p><span style=\"color: #ffffff;\"><a href=\"mailto:hsofficers@gmail.com\">hsofficers@gmail.com<\/a><\/span><\/p>\n<\/div><\/li><li class=\"fusion-li-item\" style=\"\"><span class=\"icon-wrapper circle-no\"><i class=\"fusion-li-icon fa fa-phone\" aria-hidden=\"true\"><\/i><\/span><div class=\"fusion-li-item-content\"><span style=\"color: #ffffff;\"><a href=\"tel:662015523\">662 015 523<\/a><\/span><\/div><\/li><\/ul><div class=\"fusion-sep-clear\"><\/div><div class=\"fusion-separator fusion-full-width-sep\" style=\"margin-left: auto;margin-right: auto;margin-top:20px;width:100%;\"><\/div><div class=\"fusion-sep-clear\"><\/div><div class=\"fusion-text fusion-text-6\"><h4 style=\"text-align: center; color: #ffffff;\">Company&#8217;s data<\/h4>\n<\/div><div class=\"fusion-image-element fusion-image-align-center in-legacy-container\" style=\"text-align:center;--awb-caption-title-size:var(--h2_typography-font-size);--awb-caption-title-transform:var(--h2_typography-text-transform);--awb-caption-title-line-height:var(--h2_typography-line-height);--awb-caption-title-letter-spacing:var(--h2_typography-letter-spacing);\"><div class=\"imageframe-align-center\"><span class=\" fusion-imageframe imageframe-none imageframe-6 hover-type-none\"><img decoding=\"async\" width=\"30\" height=\"12\" title=\"divider-xx-red\" src=\"https:\/\/szkoleniahso.pl\/wp-content\/uploads\/2017\/10\/divider-xx-red.png\" alt class=\"img-responsive wp-image-26\"\/><\/span><\/div><\/div><ul style=\"--awb-line-height:23.8px;--awb-icon-width:23.8px;--awb-icon-height:23.8px;--awb-icon-margin:9.8px;--awb-content-margin:33.6px;\" class=\"fusion-checklist fusion-checklist-4 fusion-checklist-default type-icons\"><li class=\"fusion-li-item\" style=\"\"><span class=\"icon-wrapper circle-no\"><i class=\"fusion-li-icon fa fa-home\" aria-hidden=\"true\"><\/i><\/span><div class=\"fusion-li-item-content\"><span style=\"color: #ffffff;\">HSOfficers Grzegorz Ratajczyk<\/span><\/div><\/li><li class=\"fusion-li-item\" style=\"\"><span class=\"icon-wrapper circle-no\"><i class=\"fusion-li-icon fa fa-briefcase\" aria-hidden=\"true\"><\/i><\/span><div class=\"fusion-li-item-content\"><span style=\"color: #ffffff;\">NIP: 9471931814<\/span><\/div><\/li><li class=\"fusion-li-item\" style=\"\"><span class=\"icon-wrapper circle-no\"><i class=\"fusion-li-icon fa fa-bar-chart\" aria-hidden=\"true\"><\/i><\/span><div class=\"fusion-li-item-content\"><span style=\"color: #ffffff;\">REGON: 368308603<\/span><\/div><\/li><\/ul><div class=\"fusion-sep-clear\"><\/div><div class=\"fusion-separator fusion-full-width-sep\" style=\"margin-left: auto;margin-right: auto;margin-top:60px;width:100%;\"><\/div><div class=\"fusion-sep-clear\"><\/div><\/div><\/div><div class=\"fusion-clearfix\"><\/div><\/div><\/div><\/div><\/div><\/p>","protected":false},"excerpt":{"rendered":"","protected":false},"author":1,"featured_media":0,"parent":0,"menu_order":0,"comment_status":"closed","ping_status":"closed","template":"100-width.php","meta":{"passster_activate_protection":false,"passster_protect_child_pages":"","passster_protection_type":"password","passster_password":"","passster_activate_overwrite_defaults":"","passster_headline":"","passster_instruction":"","passster_placeholder":"","passster_button":"","passster_id":"","passster_activate_misc_settings":"","passster_redirect_url":"","passster_hide":"no","passster_area_shortcode":"","footnotes":""},"class_list":["post-14","page","type-page","status-publish","hentry"],"yoast_head":"<!-- This site is optimized with the Yoast SEO plugin v24.3 - https:\/\/yoast.com\/wordpress\/plugins\/seo\/ -->\n<title>Szkolenia przeciwpo\u017carowe \u0141\u00f3d\u017a - Kontakt - szkoleniaHSO.pl<\/title>\n<meta name=\"description\" content=\"HSOfficers - Szkoleniahso.pl - Szkolenia przeciwpo\u017carowe \u0141\u00f3d\u017a - zapraszamy do kontaktu poprzez mail hsofficers@gmail.com b\u0105d\u017a nr tel. 662 015 523.\" \/>\n<meta name=\"robots\" content=\"index, follow, max-snippet:-1, max-image-preview:large, max-video-preview:-1\" \/>\n<link rel=\"canonical\" href=\"https:\/\/szkoleniahso.pl\/kontakt\/\" \/>\n<meta property=\"og:locale\" content=\"en_US\" \/>\n<meta property=\"og:type\" content=\"article\" \/>\n<meta property=\"og:title\" content=\"Szkolenia przeciwpo\u017carowe \u0141\u00f3d\u017a - Kontakt - szkoleniaHSO.pl\" \/>\n<meta property=\"og:description\" content=\"HSOfficers - Szkoleniahso.pl - Szkolenia przeciwpo\u017carowe \u0141\u00f3d\u017a - zapraszamy do kontaktu poprzez mail hsofficers@gmail.com b\u0105d\u017a nr tel. 662 015 523.\" \/>\n<meta property=\"og:url\" content=\"https:\/\/szkoleniahso.pl\/kontakt\/\" \/>\n<meta property=\"og:site_name\" content=\"Szkolenia przeciwpo\u017carowe \u0141\u00f3d\u017a - obs\u0142uga ppo\u017c - szkoleniaHSO.pl\" \/>\n<meta property=\"article:publisher\" content=\"https:\/\/www.facebook.com\/szkoleniahso\/\" \/>\n<meta property=\"article:modified_time\" content=\"2019-02-20T13:45:56+00:00\" \/>\n<meta name=\"twitter:card\" content=\"summary_large_image\" \/>\n<meta name=\"twitter:site\" content=\"@HSOfficers\" \/>\n<meta name=\"twitter:label1\" content=\"Est. reading time\" \/>\n\t<meta name=\"twitter:data1\" content=\"8 minutes\" \/>\n<script type=\"application\/ld+json\" class=\"yoast-schema-graph\">{\"@context\":\"https:\/\/schema.org\",\"@graph\":[{\"@type\":\"WebPage\",\"@id\":\"https:\/\/szkoleniahso.pl\/kontakt\/\",\"url\":\"https:\/\/szkoleniahso.pl\/kontakt\/\",\"name\":\"Szkolenia przeciwpo\u017carowe \u0141\u00f3d\u017a - Kontakt - szkoleniaHSO.pl\",\"isPartOf\":{\"@id\":\"https:\/\/szkoleniahso.pl\/#website\"},\"datePublished\":\"2017-10-28T11:43:12+00:00\",\"dateModified\":\"2019-02-20T13:45:56+00:00\",\"description\":\"HSOfficers - Szkoleniahso.pl - Szkolenia przeciwpo\u017carowe \u0141\u00f3d\u017a - zapraszamy do kontaktu poprzez mail hsofficers@gmail.com b\u0105d\u017a nr tel. 662 015 523.\",\"breadcrumb\":{\"@id\":\"https:\/\/szkoleniahso.pl\/kontakt\/#breadcrumb\"},\"inLanguage\":\"en-US\",\"potentialAction\":[{\"@type\":\"ReadAction\",\"target\":[\"https:\/\/szkoleniahso.pl\/kontakt\/\"]}]},{\"@type\":\"BreadcrumbList\",\"@id\":\"https:\/\/szkoleniahso.pl\/kontakt\/#breadcrumb\",\"itemListElement\":[{\"@type\":\"ListItem\",\"position\":1,\"name\":\"Strona g\u0142\u00f3wna\",\"item\":\"https:\/\/szkoleniahso.pl\/en\/\"},{\"@type\":\"ListItem\",\"position\":2,\"name\":\"Kontakt\"}]},{\"@type\":\"WebSite\",\"@id\":\"https:\/\/szkoleniahso.pl\/#website\",\"url\":\"https:\/\/szkoleniahso.pl\/\",\"name\":\"Szkolenia przeciwpo\u017carowe \u0141\u00f3d\u017a - obs\u0142uga ppo\u017c - szkoleniaHSO.pl\",\"description\":\"\",\"publisher\":{\"@id\":\"https:\/\/szkoleniahso.pl\/#organization\"},\"potentialAction\":[{\"@type\":\"SearchAction\",\"target\":{\"@type\":\"EntryPoint\",\"urlTemplate\":\"https:\/\/szkoleniahso.pl\/?s={search_term_string}\"},\"query-input\":{\"@type\":\"PropertyValueSpecification\",\"valueRequired\":true,\"valueName\":\"search_term_string\"}}],\"inLanguage\":\"en-US\"},{\"@type\":\"Organization\",\"@id\":\"https:\/\/szkoleniahso.pl\/#organization\",\"name\":\"Hsofficers Grzegorz Ratajczyk\",\"url\":\"https:\/\/szkoleniahso.pl\/\",\"logo\":{\"@type\":\"ImageObject\",\"inLanguage\":\"en-US\",\"@id\":\"https:\/\/szkoleniahso.pl\/#\/schema\/logo\/image\/\",\"url\":\"https:\/\/szkoleniahso.pl\/wp-content\/uploads\/2017\/11\/logo-szkolenia-hso-duze-e1511011668486.png\",\"contentUrl\":\"https:\/\/szkoleniahso.pl\/wp-content\/uploads\/2017\/11\/logo-szkolenia-hso-duze-e1511011668486.png\",\"width\":174,\"height\":75,\"caption\":\"Hsofficers Grzegorz Ratajczyk\"},\"image\":{\"@id\":\"https:\/\/szkoleniahso.pl\/#\/schema\/logo\/image\/\"},\"sameAs\":[\"https:\/\/www.facebook.com\/szkoleniahso\/\",\"https:\/\/x.com\/HSOfficers\",\"https:\/\/www.instagram.com\/hsofficers\/\"]}]}<\/script>\n<!-- \/ Yoast SEO plugin. -->","yoast_head_json":{"title":"Szkolenia przeciwpo\u017carowe \u0141\u00f3d\u017a - Kontakt - szkoleniaHSO.pl","description":"HSOfficers - Szkoleniahso.pl - Szkolenia przeciwpo\u017carowe \u0141\u00f3d\u017a - zapraszamy do kontaktu poprzez mail hsofficers@gmail.com b\u0105d\u017a nr tel. 662 015 523.","robots":{"index":"index","follow":"follow","max-snippet":"max-snippet:-1","max-image-preview":"max-image-preview:large","max-video-preview":"max-video-preview:-1"},"canonical":"https:\/\/szkoleniahso.pl\/kontakt\/","og_locale":"en_US","og_type":"article","og_title":"Szkolenia przeciwpo\u017carowe \u0141\u00f3d\u017a - Kontakt - szkoleniaHSO.pl","og_description":"HSOfficers - Szkoleniahso.pl - Szkolenia przeciwpo\u017carowe \u0141\u00f3d\u017a - zapraszamy do kontaktu poprzez mail hsofficers@gmail.com b\u0105d\u017a nr tel. 662 015 523.","og_url":"https:\/\/szkoleniahso.pl\/kontakt\/","og_site_name":"Szkolenia przeciwpo\u017carowe \u0141\u00f3d\u017a - obs\u0142uga ppo\u017c - szkoleniaHSO.pl","article_publisher":"https:\/\/www.facebook.com\/szkoleniahso\/","article_modified_time":"2019-02-20T13:45:56+00:00","twitter_card":"summary_large_image","twitter_site":"@HSOfficers","twitter_misc":{"Est. reading time":"8 minutes"},"schema":{"@context":"https:\/\/schema.org","@graph":[{"@type":"WebPage","@id":"https:\/\/szkoleniahso.pl\/kontakt\/","url":"https:\/\/szkoleniahso.pl\/kontakt\/","name":"Szkolenia przeciwpo\u017carowe \u0141\u00f3d\u017a - Kontakt - szkoleniaHSO.pl","isPartOf":{"@id":"https:\/\/szkoleniahso.pl\/#website"},"datePublished":"2017-10-28T11:43:12+00:00","dateModified":"2019-02-20T13:45:56+00:00","description":"HSOfficers - Szkoleniahso.pl - Szkolenia przeciwpo\u017carowe \u0141\u00f3d\u017a - zapraszamy do kontaktu poprzez mail hsofficers@gmail.com b\u0105d\u017a nr tel. 662 015 523.","breadcrumb":{"@id":"https:\/\/szkoleniahso.pl\/kontakt\/#breadcrumb"},"inLanguage":"en-US","potentialAction":[{"@type":"ReadAction","target":["https:\/\/szkoleniahso.pl\/kontakt\/"]}]},{"@type":"BreadcrumbList","@id":"https:\/\/szkoleniahso.pl\/kontakt\/#breadcrumb","itemListElement":[{"@type":"ListItem","position":1,"name":"Strona g\u0142\u00f3wna","item":"https:\/\/szkoleniahso.pl\/en\/"},{"@type":"ListItem","position":2,"name":"Kontakt"}]},{"@type":"WebSite","@id":"https:\/\/szkoleniahso.pl\/#website","url":"https:\/\/szkoleniahso.pl\/","name":"Szkolenia przeciwpo\u017carowe \u0141\u00f3d\u017a - obs\u0142uga ppo\u017c - szkoleniaHSO.pl","description":"","publisher":{"@id":"https:\/\/szkoleniahso.pl\/#organization"},"potentialAction":[{"@type":"SearchAction","target":{"@type":"EntryPoint","urlTemplate":"https:\/\/szkoleniahso.pl\/?s={search_term_string}"},"query-input":{"@type":"PropertyValueSpecification","valueRequired":true,"valueName":"search_term_string"}}],"inLanguage":"en-US"},{"@type":"Organization","@id":"https:\/\/szkoleniahso.pl\/#organization","name":"Hsofficers Grzegorz Ratajczyk","url":"https:\/\/szkoleniahso.pl\/","logo":{"@type":"ImageObject","inLanguage":"en-US","@id":"https:\/\/szkoleniahso.pl\/#\/schema\/logo\/image\/","url":"https:\/\/szkoleniahso.pl\/wp-content\/uploads\/2017\/11\/logo-szkolenia-hso-duze-e1511011668486.png","contentUrl":"https:\/\/szkoleniahso.pl\/wp-content\/uploads\/2017\/11\/logo-szkolenia-hso-duze-e1511011668486.png","width":174,"height":75,"caption":"Hsofficers Grzegorz Ratajczyk"},"image":{"@id":"https:\/\/szkoleniahso.pl\/#\/schema\/logo\/image\/"},"sameAs":["https:\/\/www.facebook.com\/szkoleniahso\/","https:\/\/x.com\/HSOfficers","https:\/\/www.instagram.com\/hsofficers\/"]}]}},"_links":{"self":[{"href":"https:\/\/szkoleniahso.pl\/en\/wp-json\/wp\/v2\/pages\/14"}],"collection":[{"href":"https:\/\/szkoleniahso.pl\/en\/wp-json\/wp\/v2\/pages"}],"about":[{"href":"https:\/\/szkoleniahso.pl\/en\/wp-json\/wp\/v2\/types\/page"}],"author":[{"embeddable":true,"href":"https:\/\/szkoleniahso.pl\/en\/wp-json\/wp\/v2\/users\/1"}],"replies":[{"embeddable":true,"href":"https:\/\/szkoleniahso.pl\/en\/wp-json\/wp\/v2\/comments?post=14"}],"version-history":[{"count":19,"href":"https:\/\/szkoleniahso.pl\/en\/wp-json\/wp\/v2\/pages\/14\/revisions"}],"predecessor-version":[{"id":879,"href":"https:\/\/szkoleniahso.pl\/en\/wp-json\/wp\/v2\/pages\/14\/revisions\/879"}],"wp:attachment":[{"href":"https:\/\/szkoleniahso.pl\/en\/wp-json\/wp\/v2\/media?parent=14"}],"curies":[{"name":"wp","href":"https:\/\/api.w.org\/{rel}","templated":true}]}}